{"id":2515,"date":"2019-11-04T19:19:23","date_gmt":"2019-11-04T18:19:23","guid":{"rendered":"http:\/\/smilecraft.pl\/?page_id=2515"},"modified":"2019-11-13T15:45:26","modified_gmt":"2019-11-13T14:45:26","slug":"botoks","status":"publish","type":"page","link":"https:\/\/smilecraft.pl\/en\/medycyna_estetyczna\/botoks\/","title":{"rendered":"TREATMENT"},"content":{"rendered":"<p>[vc_row css=&#8221;.vc_custom_1443530038917{margin-bottom: 50px !important;}&#8221;][vc_column offset=&#8221;vc_col-lg-9 vc_col-md-9&#8243;][vc_column_text el_class=&#8221;blue-heading&#8221;]<\/p>\n<h5>ZABIEGI Z WYKORZYSTANIEM BOTOKSU:<\/h5>\n<p>[\/vc_column_text][vc_column_text el_id=&#8221;botoks-redukcja-zmarszczek&#8221;]<\/p>\n<h4><img loading=\"lazy\" class=\"size-medium wp-image-2620 alignleft\" src=\"http:\/\/smilecraft.pl\/wp-content\/uploads\/2019\/11\/botox-300x300.jpg\" alt=\"\" width=\"300\" height=\"300\" srcset=\"https:\/\/smilecraft.pl\/wp-content\/uploads\/2019\/11\/botox-300x300.jpg 300w, https:\/\/smilecraft.pl\/wp-content\/uploads\/2019\/11\/botox-150x150.jpg 150w, https:\/\/smilecraft.pl\/wp-content\/uploads\/2019\/11\/botox-768x768.jpg 768w, https:\/\/smilecraft.pl\/wp-content\/uploads\/2019\/11\/botox-175x175.jpg 175w, https:\/\/smilecraft.pl\/wp-content\/uploads\/2019\/11\/botox-275x275.jpg 275w, https:\/\/smilecraft.pl\/wp-content\/uploads\/2019\/11\/botox.jpg 800w\" sizes=\"(max-width: 300px) 100vw, 300px\" \/>Toksyna botulinowa (botoks)<\/h4>\n<p>Zabieg z wykorzystaniem toksyny botulinowej polega na blokowaniu przeka\u017anictwa mi\u0119dzy nerwami<br \/>\na mi\u0119\u015bniami, w okolicy jej podania. W efekcie tego zabiegu dochodzi do relaksacji mi\u0119\u015bni<br \/>\nodpowiadaj\u0105cych za powstawanie zmarszczek mimicznych, co prowadzi do ich redukcji i wyg\u0142adzenia.<\/p>\n<p>Dawki wykorzystywane w medycynie estetycznej s\u0105 minimalne co gwarantuje, \u017ce zabieg jest<br \/>\nbezpieczny. Pe\u0142ne efekty zabiegu obserwujemy po 7-14 dniach i utrzymuj\u0105 si\u0119 one 3-6 miesi\u0119cy.<\/p>\n<p>Wskazania:<br \/>\n&#8211; zmarszczki poprzeczne czo\u0142a,<br \/>\n&#8211; zmarszczki wok\u00f3\u0142 oczu, tzw. \u201ekurze \u0142apki\u201d,<br \/>\n&#8211; zmarszczki mi\u0119dzy brwiami, tzw. \u201elwia zmarszczka\u201d,<br \/>\n-nadpotliwo\u015b\u0107 pach i d\u0142oni.[\/vc_column_text][vc_column_text el_id=&#8221;botoks-leczenie-nadpotliwosci&#8221;]<\/p>\n<h4 class=\"p1\"><img loading=\"lazy\" class=\"size-medium wp-image-2618 alignleft\" src=\"http:\/\/smilecraft.pl\/wp-content\/uploads\/2019\/11\/nadpotliwosc-300x300.jpg\" alt=\"\" width=\"300\" height=\"300\" srcset=\"https:\/\/smilecraft.pl\/wp-content\/uploads\/2019\/11\/nadpotliwosc-300x300.jpg 300w, https:\/\/smilecraft.pl\/wp-content\/uploads\/2019\/11\/nadpotliwosc-150x150.jpg 150w, https:\/\/smilecraft.pl\/wp-content\/uploads\/2019\/11\/nadpotliwosc-768x768.jpg 768w, https:\/\/smilecraft.pl\/wp-content\/uploads\/2019\/11\/nadpotliwosc-175x175.jpg 175w, https:\/\/smilecraft.pl\/wp-content\/uploads\/2019\/11\/nadpotliwosc-275x275.jpg 275w, https:\/\/smilecraft.pl\/wp-content\/uploads\/2019\/11\/nadpotliwosc.jpg 800w\" sizes=\"(max-width: 300px) 100vw, 300px\" \/><\/h4>\n<h4>Toksyna botulinowa (nadpotliwo\u015b\u0107)<\/h4>\n<p>Toksyna botulinowa radzi sobie si\u0119 \u015bwietnie nie tylko ze zmarszczkami mimicznymi, ale r\u00f3wnie\u017c z nadmiern\u0105 potliwo\u015bci\u0105 d\u0142oni i pach. Nadpotliwo\u015b\u0107 wynika z nadmiernej aktywno\u015bci gruczo\u0142\u00f3w potowych co wp\u0142ywa na relacje spo\u0142eczne i spadek poczucia komfortu. Zabieg jest ma\u0142o inwazyjny i bezpieczny. Efekty zabiegu obserwujemy po 7-14 dniach i utrzymuj\u0105 si\u0119 minimum kilka miesi\u0119cy.<\/p>\n<p>Pacjent bezpo\u015brednio po zabiegu mo\u017ce wr\u00f3ci\u0107 do swojego normalnego trybu \u017cycia.[\/vc_column_text][\/vc_column][vc_column width=&#8221;1\/4&#8243;][stm_sidebar sidebar=&#8221;700&#8243; css=&#8221;.vc_custom_1492086403729{padding-top: 15px !important;}&#8221;][stm_sidebar sidebar=&#8221;1863&#8243; css=&#8221;.vc_custom_1466594920464{padding-top: 15px !important;}&#8221;][\/vc_column][\/vc_row]<\/p>\n","protected":false},"excerpt":{"rendered":"<p>[vc_row css=&#8221;.vc_custom_1443530038917{margin-bottom: 50px !important;}&#8221;][vc_column offset=&#8221;vc_col-lg-9 vc_col-md-9&#8243;][vc_column_text el_class=&#8221;blue-heading&#8221;] ZABIEGI Z WYKORZYSTANIEM BOTOKSU: [\/vc_column_text][vc_column_text el_id=&#8221;botoks-redukcja-zmarszczek&#8221;] Toksyna botulinowa (botoks) Zabieg z wykorzystaniem toksyny botulinowej polega na blokowaniu przeka\u017anictwa mi\u0119dzy nerwami a mi\u0119\u015bniami, w okolicy jej podania. W efekcie tego zabiegu dochodzi do relaksacji mi\u0119\u015bni odpowiadaj\u0105cych za powstawanie zmarszczek mimicznych, co prowadzi do ich redukcji i wyg\u0142adzenia. Dawki wykorzystywane&#8230;<\/p>\n","protected":false},"author":5,"featured_media":0,"parent":2490,"menu_order":0,"comment_status":"closed","ping_status":"closed","template":"","meta":[],"translation":{"provider":"WPGlobus","version":"2.10.4","language":"en","enabled_languages":["pl","en"],"languages":{"pl":{"title":true,"content":true,"excerpt":false},"en":{"title":true,"content":true,"excerpt":false}}},"yoast_head":"<!-- This site is optimized with the Yoast SEO plugin v19.6.1 - https:\/\/yoast.com\/wordpress\/plugins\/seo\/ -->\n<title>TREATMENT - SmileCraft Warszawa<\/title>\n<meta name=\"robots\" content=\"index, follow, max-snippet:-1, max-image-preview:large, max-video-preview:-1\" \/>\n<link rel=\"canonical\" href=\"https:\/\/smilecraft.pl\/medycyna_estetyczna\/botoks\/\" \/>\n<meta property=\"og:locale\" content=\"en_GB\" \/>\n<meta property=\"og:type\" content=\"article\" \/>\n<meta property=\"og:title\" content=\"TREATMENT - SmileCraft Warszawa\" \/>\n<meta property=\"og:url\" content=\"https:\/\/smilecraft.pl\/medycyna_estetyczna\/botoks\/\" \/>\n<meta property=\"og:site_name\" content=\"SmileCraft\" \/>\n<meta property=\"article:publisher\" content=\"https:\/\/www.facebook.com\/smilecraftwarszawa\/\" \/>\n<meta property=\"article:modified_time\" content=\"2019-11-13T14:45:26+00:00\" \/>\n<meta property=\"og:image\" content=\"http:\/\/smilecraft.pl\/wp-content\/uploads\/2019\/11\/botox-300x300.jpg\" \/>\n<meta name=\"twitter:card\" content=\"summary_large_image\" \/>\n<meta name=\"twitter:label1\" content=\"Estimated reading time\" \/>\n\t<meta name=\"twitter:data1\" content=\"3 minutes\" \/>\n<script type=\"application\/ld+json\" class=\"yoast-schema-graph\">{\"@context\":\"https:\/\/schema.org\",\"@graph\":[{\"@type\":\"WebPage\",\"@id\":\"https:\/\/smilecraft.pl\/medycyna_estetyczna\/botoks\/\",\"url\":\"https:\/\/smilecraft.pl\/medycyna_estetyczna\/botoks\/\",\"name\":\"TREATMENT - SmileCraft Warszawa\",\"isPartOf\":{\"@id\":\"https:\/\/smilecraft.pl\/#website\"},\"datePublished\":\"2019-11-04T18:19:23+00:00\",\"dateModified\":\"2019-11-13T14:45:26+00:00\",\"breadcrumb\":{\"@id\":\"https:\/\/smilecraft.pl\/medycyna_estetyczna\/botoks\/#breadcrumb\"},\"inLanguage\":\"en-GB\",\"potentialAction\":[{\"@type\":\"ReadAction\",\"target\":[\"https:\/\/smilecraft.pl\/medycyna_estetyczna\/botoks\/\"]}]},{\"@type\":\"BreadcrumbList\",\"@id\":\"https:\/\/smilecraft.pl\/medycyna_estetyczna\/botoks\/#breadcrumb\",\"itemListElement\":[{\"@type\":\"ListItem\",\"position\":1,\"name\":\"Strona g\u0142\u00f3wna\",\"item\":\"https:\/\/smilecraft.pl\/\"},{\"@type\":\"ListItem\",\"position\":2,\"name\":\"TREATMENT\",\"item\":\"https:\/\/smilecraft.pl\/en\/medycyna_estetyczna\/\"},{\"@type\":\"ListItem\",\"position\":3,\"name\":\"Toksyna botulinowa\"}]},{\"@type\":\"WebSite\",\"@id\":\"https:\/\/smilecraft.pl\/#website\",\"url\":\"https:\/\/smilecraft.pl\/\",\"name\":\"SmileCraft\",\"description\":\"Klinika stomatologiczna Warszawa Powi\u015ble\",\"publisher\":{\"@id\":\"https:\/\/smilecraft.pl\/#organization\"},\"potentialAction\":[{\"@type\":\"SearchAction\",\"target\":{\"@type\":\"EntryPoint\",\"urlTemplate\":\"https:\/\/smilecraft.pl\/?s={search_term_string}\"},\"query-input\":\"required name=search_term_string\"}],\"inLanguage\":\"en-GB\"},{\"@type\":\"Organization\",\"@id\":\"https:\/\/smilecraft.pl\/#organization\",\"name\":\"SmileCraft\",\"url\":\"https:\/\/smilecraft.pl\/\",\"sameAs\":[\"https:\/\/www.facebook.com\/smilecraftwarszawa\/\"],\"logo\":{\"@type\":\"ImageObject\",\"inLanguage\":\"en-GB\",\"@id\":\"https:\/\/smilecraft.pl\/#\/schema\/logo\/image\/\",\"url\":\"https:\/\/smilecraft.pl\/wp-content\/uploads\/2016\/06\/logo.png\",\"contentUrl\":\"https:\/\/smilecraft.pl\/wp-content\/uploads\/2016\/06\/logo.png\",\"width\":140,\"height\":133,\"caption\":\"SmileCraft\"},\"image\":{\"@id\":\"https:\/\/smilecraft.pl\/#\/schema\/logo\/image\/\"}}]}<\/script>\n<!-- \/ Yoast SEO plugin. -->","yoast_head_json":{"title":"TREATMENT - SmileCraft Warszawa","robots":{"index":"index","follow":"follow","max-snippet":"max-snippet:-1","max-image-preview":"max-image-preview:large","max-video-preview":"max-video-preview:-1"},"canonical":"https:\/\/smilecraft.pl\/medycyna_estetyczna\/botoks\/","og_locale":"en_GB","og_type":"article","og_title":"TREATMENT - SmileCraft Warszawa","og_url":"https:\/\/smilecraft.pl\/medycyna_estetyczna\/botoks\/","og_site_name":"SmileCraft","article_publisher":"https:\/\/www.facebook.com\/smilecraftwarszawa\/","article_modified_time":"2019-11-13T14:45:26+00:00","og_image":[{"url":"http:\/\/smilecraft.pl\/wp-content\/uploads\/2019\/11\/botox-300x300.jpg"}],"twitter_card":"summary_large_image","twitter_misc":{"Estimated reading time":"3 minutes"},"schema":{"@context":"https:\/\/schema.org","@graph":[{"@type":"WebPage","@id":"https:\/\/smilecraft.pl\/medycyna_estetyczna\/botoks\/","url":"https:\/\/smilecraft.pl\/medycyna_estetyczna\/botoks\/","name":"TREATMENT - SmileCraft Warszawa","isPartOf":{"@id":"https:\/\/smilecraft.pl\/#website"},"datePublished":"2019-11-04T18:19:23+00:00","dateModified":"2019-11-13T14:45:26+00:00","breadcrumb":{"@id":"https:\/\/smilecraft.pl\/medycyna_estetyczna\/botoks\/#breadcrumb"},"inLanguage":"en-GB","potentialAction":[{"@type":"ReadAction","target":["https:\/\/smilecraft.pl\/medycyna_estetyczna\/botoks\/"]}]},{"@type":"BreadcrumbList","@id":"https:\/\/smilecraft.pl\/medycyna_estetyczna\/botoks\/#breadcrumb","itemListElement":[{"@type":"ListItem","position":1,"name":"Strona g\u0142\u00f3wna","item":"https:\/\/smilecraft.pl\/"},{"@type":"ListItem","position":2,"name":"TREATMENT","item":"https:\/\/smilecraft.pl\/en\/medycyna_estetyczna\/"},{"@type":"ListItem","position":3,"name":"Toksyna botulinowa"}]},{"@type":"WebSite","@id":"https:\/\/smilecraft.pl\/#website","url":"https:\/\/smilecraft.pl\/","name":"SmileCraft","description":"Klinika stomatologiczna Warszawa Powi\u015ble","publisher":{"@id":"https:\/\/smilecraft.pl\/#organization"},"potentialAction":[{"@type":"SearchAction","target":{"@type":"EntryPoint","urlTemplate":"https:\/\/smilecraft.pl\/?s={search_term_string}"},"query-input":"required name=search_term_string"}],"inLanguage":"en-GB"},{"@type":"Organization","@id":"https:\/\/smilecraft.pl\/#organization","name":"SmileCraft","url":"https:\/\/smilecraft.pl\/","sameAs":["https:\/\/www.facebook.com\/smilecraftwarszawa\/"],"logo":{"@type":"ImageObject","inLanguage":"en-GB","@id":"https:\/\/smilecraft.pl\/#\/schema\/logo\/image\/","url":"https:\/\/smilecraft.pl\/wp-content\/uploads\/2016\/06\/logo.png","contentUrl":"https:\/\/smilecraft.pl\/wp-content\/uploads\/2016\/06\/logo.png","width":140,"height":133,"caption":"SmileCraft"},"image":{"@id":"https:\/\/smilecraft.pl\/#\/schema\/logo\/image\/"}}]}},"_links":{"self":[{"href":"https:\/\/smilecraft.pl\/en\/wp-json\/wp\/v2\/pages\/2515"}],"collection":[{"href":"https:\/\/smilecraft.pl\/en\/wp-json\/wp\/v2\/pages"}],"about":[{"href":"https:\/\/smilecraft.pl\/en\/wp-json\/wp\/v2\/types\/page"}],"author":[{"embeddable":true,"href":"https:\/\/smilecraft.pl\/en\/wp-json\/wp\/v2\/users\/5"}],"replies":[{"embeddable":true,"href":"https:\/\/smilecraft.pl\/en\/wp-json\/wp\/v2\/comments?post=2515"}],"version-history":[{"count":29,"href":"https:\/\/smilecraft.pl\/en\/wp-json\/wp\/v2\/pages\/2515\/revisions"}],"predecessor-version":[{"id":2756,"href":"https:\/\/smilecraft.pl\/en\/wp-json\/wp\/v2\/pages\/2515\/revisions\/2756"}],"up":[{"embeddable":true,"href":"https:\/\/smilecraft.pl\/en\/wp-json\/wp\/v2\/pages\/2490"}],"wp:attachment":[{"href":"https:\/\/smilecraft.pl\/en\/wp-json\/wp\/v2\/media?parent=2515"}],"curies":[{"name":"wp","href":"https:\/\/api.w.org\/{rel}","templated":true}]}}