{"id":2557,"date":"2019-11-07T15:57:22","date_gmt":"2019-11-07T14:57:22","guid":{"rendered":"http:\/\/smilecraft.pl\/?page_id=2557"},"modified":"2019-11-08T19:15:42","modified_gmt":"2019-11-08T18:15:42","slug":"kwas-hialuronowy","status":"publish","type":"page","link":"https:\/\/smilecraft.pl\/en\/medycyna_estetyczna\/kwas-hialuronowy\/","title":{"rendered":"TREATMENT"},"content":{"rendered":"<p>[vc_row css=&#8221;.vc_custom_1443530038917{margin-bottom: 50px !important;}&#8221;][vc_column offset=&#8221;vc_col-lg-9 vc_col-md-9&#8243;][vc_column_text el_class=&#8221;blue-heading&#8221;]<\/p>\n<h5>ZABIEGI Z WYKORZYSTANIEM KWASU HIALURONOWEGO:<\/h5>\n<p>[\/vc_column_text][vc_column_text el_id=&#8221;wolumetria&#8221;]<\/p>\n<h4><img loading=\"lazy\" class=\"size-medium wp-image-2625 alignleft\" src=\"http:\/\/smilecraft.pl\/wp-content\/uploads\/2019\/11\/wolu-300x300.jpg\" alt=\"\" width=\"300\" height=\"300\" srcset=\"https:\/\/smilecraft.pl\/wp-content\/uploads\/2019\/11\/wolu-300x300.jpg 300w, https:\/\/smilecraft.pl\/wp-content\/uploads\/2019\/11\/wolu-150x150.jpg 150w, https:\/\/smilecraft.pl\/wp-content\/uploads\/2019\/11\/wolu-768x768.jpg 768w, https:\/\/smilecraft.pl\/wp-content\/uploads\/2019\/11\/wolu-175x175.jpg 175w, https:\/\/smilecraft.pl\/wp-content\/uploads\/2019\/11\/wolu-275x275.jpg 275w, https:\/\/smilecraft.pl\/wp-content\/uploads\/2019\/11\/wolu.jpg 800w\" sizes=\"(max-width: 300px) 100vw, 300px\" \/>Kwas hialuronowy (wolumetria)<\/h4>\n<p>Wraz z wiekiem w naturalny spos\u00f3b dochodzi do zaniku tkanki t\u0142uszczowej i podsk\u00f3rnej w obr\u0119bie twarzy. Dodatkowo sk\u00f3ra traci elastyczno\u015b\u0107 co powoduje obni\u017canie si\u0119 policzk\u00f3w, powstawanie tzw. \u201echomik\u00f3w\u201d w okolicy kraw\u0119dzi \u017cuchwy, pog\u0142\u0119bianie fa\u0142d\u00f3w nosowo-wargowych. Takie ubytki<br \/>\ntkankowe uzupe\u0142niamy kwasem hialuronowym. Efekt uzyskujemy natychmiastowo i jest on dodatkowo pog\u0142\u0119biany przez kolejne dni i tygodnie. Kwas hialuronowy powoduje uzupe\u0142nienie ubytk\u00f3w tkankowych, nawil\u017cenie i wyg\u0142adzenie sk\u00f3ry w tej okolicy oraz indukuje procesy regeneracyjne w jej g\u0142\u0119bi.<\/p>\n<p>Wskazania:<br \/>\n&#8211; uwydatnienie ko\u015bci policzkowych,<br \/>\n&#8211; modelowanie policzk\u00f3w,<br \/>\n&#8211; wype\u0142nianie zag\u0142\u0119bie\u0144 w okolicy skroni,<br \/>\n&#8211; modelowanie podbr\u00f3dka,<br \/>\n&#8211; modelowanie kszta\u0142tu nosa.[\/vc_column_text][vc_column_text el_id=&#8221;wypelnienie&#8221;]<\/p>\n<h4><img loading=\"lazy\" class=\"size-medium wp-image-2626 alignleft\" src=\"http:\/\/smilecraft.pl\/wp-content\/uploads\/2019\/11\/zmarszczki-300x300.jpg\" alt=\"\" width=\"300\" height=\"300\" srcset=\"https:\/\/smilecraft.pl\/wp-content\/uploads\/2019\/11\/zmarszczki-300x300.jpg 300w, https:\/\/smilecraft.pl\/wp-content\/uploads\/2019\/11\/zmarszczki-150x150.jpg 150w, https:\/\/smilecraft.pl\/wp-content\/uploads\/2019\/11\/zmarszczki-768x769.jpg 768w, https:\/\/smilecraft.pl\/wp-content\/uploads\/2019\/11\/zmarszczki-175x175.jpg 175w, https:\/\/smilecraft.pl\/wp-content\/uploads\/2019\/11\/zmarszczki-275x275.jpg 275w, https:\/\/smilecraft.pl\/wp-content\/uploads\/2019\/11\/zmarszczki.jpg 800w\" sizes=\"(max-width: 300px) 100vw, 300px\" \/>Kwas hialuronowy (wype\u0142nianie zmarszczek)<\/h4>\n<p>Kwas hialuronowy wyst\u0119puje w naszej sk\u00f3rze naturalnie i jest podstawowym sk\u0142adnikiem<br \/>\nodpowiedzialnym za w\u0142a\u015bciwy poziom jej nawil\u017cenia. Z wiekiem jest go w sk\u00f3rze coraz mniej co<br \/>\nskutkuje pojawianiem si\u0119 zmarszczek, pog\u0142\u0119bianiem fa\u0142d\u00f3w, oraz zanikiem naszej w\u0142asnej tkanki.<\/p>\n<p>Kwas hialuronowy jest idealn\u0105 substancj\u0105 radz\u0105c\u0105 sobie z tymi dolegliwo\u015bciami. Preparaty kwasu hialuronowego otrzymywane s\u0105 w spos\u00f3b syntetyczny, maj\u0105 wysok\u0105 klas\u0119 oczyszczenia co gwarantuje bezpiecze\u0144stwo zabiegu. Kwas hialuronowy wstrzykni\u0119ty do sk\u00f3ry w\u0142a\u015bciwej skutecznie nawil\u017ca sk\u00f3r\u0119, wype\u0142nia zmarszczki, nadaje obj\u0119to\u015b\u0107, modeluje usta, poprawia kontur twarzy, pobudza naturalne procesy regeneracyjne sk\u00f3ry, dzi\u0119ki czemu nawet po wch\u0142oni\u0119ciu preparatu sk\u00f3ra wygl\u0105da lepiej ni\u017c przed zabiegiem.<\/p>\n<p>Wskazania:<br \/>\n&#8211; zmarszczki,<br \/>\n&#8211; bruzdy,<br \/>\n&#8211; opadaj\u0105ce k\u0105ciki ust.[\/vc_column_text][vc_column_text el_id=&#8221;modelowanie&#8221;]<\/p>\n<h4><img loading=\"lazy\" class=\"size-medium wp-image-2627 alignleft\" src=\"http:\/\/smilecraft.pl\/wp-content\/uploads\/2019\/11\/usta-300x300.jpg\" alt=\"\" width=\"300\" height=\"300\" srcset=\"https:\/\/smilecraft.pl\/wp-content\/uploads\/2019\/11\/usta-300x300.jpg 300w, https:\/\/smilecraft.pl\/wp-content\/uploads\/2019\/11\/usta-150x150.jpg 150w, https:\/\/smilecraft.pl\/wp-content\/uploads\/2019\/11\/usta-768x768.jpg 768w, https:\/\/smilecraft.pl\/wp-content\/uploads\/2019\/11\/usta-175x175.jpg 175w, https:\/\/smilecraft.pl\/wp-content\/uploads\/2019\/11\/usta-275x275.jpg 275w, https:\/\/smilecraft.pl\/wp-content\/uploads\/2019\/11\/usta.jpg 800w\" sizes=\"(max-width: 300px) 100vw, 300px\" \/>Kwas hialuronowy (modelowanie ust)<\/h4>\n<p>W zale\u017cno\u015bci od potrzeby i wskazania kwas hialuronowy podany w okolicy czerwieni wargowej mo\u017ce modelowa\u0107 ich kszta\u0142t, dodawa\u0107 obj\u0119to\u015bci lub tylko delikatnie nawil\u017ca\u0107 albo korygowa\u0107 asymetri\u0119. W zale\u017cno\u015bci od zastosowanego preparatu efekty utrzymuj\u0105 si\u0119 6-12 miesi\u0119cy. Usta po takim zabiegu s\u0105 lepiej nawil\u017cone, odzyskuj\u0105 kolor i m\u0142odzie\u0144cz\u0105 j\u0119drno\u015b\u0107.[\/vc_column_text][vc_empty_space height=&#8221;100px&#8221;][vc_column_text el_id=&#8221;skin&#8221;]<\/p>\n<h4><img loading=\"lazy\" class=\"size-medium wp-image-2637 alignleft\" src=\"http:\/\/smilecraft.pl\/wp-content\/uploads\/2019\/11\/peeeling-300x300.jpg\" alt=\"\" width=\"300\" height=\"300\" srcset=\"https:\/\/smilecraft.pl\/wp-content\/uploads\/2019\/11\/peeeling-300x300.jpg 300w, https:\/\/smilecraft.pl\/wp-content\/uploads\/2019\/11\/peeeling-150x150.jpg 150w, https:\/\/smilecraft.pl\/wp-content\/uploads\/2019\/11\/peeeling-768x768.jpg 768w, https:\/\/smilecraft.pl\/wp-content\/uploads\/2019\/11\/peeeling-175x175.jpg 175w, https:\/\/smilecraft.pl\/wp-content\/uploads\/2019\/11\/peeeling-275x275.jpg 275w, https:\/\/smilecraft.pl\/wp-content\/uploads\/2019\/11\/peeeling.jpg 800w\" sizes=\"(max-width: 300px) 100vw, 300px\" \/>Skinbooster (intensywne nawil\u017canie)<\/h4>\n<p>Zabieg intensywnego nawil\u017cania sk\u00f3ry twarzy, szyi, dekoltu lub d\u0142oni polega na zastosowaniu<br \/>\npreparatu stabilizowanego kwasu hialuronowego. Kwas hialuronowy podaje si\u0119 w tym wypadku najcz\u0119\u015bciej kaniul\u0105, kt\u00f3rej zastosowanie eliminuje traumatyzacj\u0119 tkanek a co za tym idzie pojawianie si\u0119 siniak\u00f3w i obrz\u0119k\u00f3w. Po zabiegu preparat dzia\u0142a jak bufor wodny \u2013 ch\u0142on\u0105c wod\u0119, gdy sk\u00f3ra jest odpowiednio nawodniona i oddaj\u0105c wilgo\u0107 wtedy gdy sk\u00f3ra tego potrzebuje \u2013 np. w czasie upa\u0142\u00f3w, k\u0105pieli s\u0142onecznych lub przebywania w suchych, klimatyzowanych pomieszczeniach.[\/vc_column_text][\/vc_column][vc_column width=&#8221;1\/4&#8243;][stm_sidebar sidebar=&#8221;700&#8243; css=&#8221;.vc_custom_1492086403729{padding-top: 15px !important;}&#8221;][stm_sidebar sidebar=&#8221;1863&#8243; css=&#8221;.vc_custom_1466594920464{padding-top: 15px !important;}&#8221;][\/vc_column][\/vc_row]<\/p>\n","protected":false},"excerpt":{"rendered":"<p>[vc_row css=&#8221;.vc_custom_1443530038917{margin-bottom: 50px !important;}&#8221;][vc_column offset=&#8221;vc_col-lg-9 vc_col-md-9&#8243;][vc_column_text el_class=&#8221;blue-heading&#8221;] ZABIEGI Z WYKORZYSTANIEM KWASU HIALURONOWEGO: [\/vc_column_text][vc_column_text el_id=&#8221;wolumetria&#8221;] Kwas hialuronowy (wolumetria) Wraz z wiekiem w naturalny spos\u00f3b dochodzi do zaniku tkanki t\u0142uszczowej i podsk\u00f3rnej w obr\u0119bie twarzy. Dodatkowo sk\u00f3ra traci elastyczno\u015b\u0107 co powoduje obni\u017canie si\u0119 policzk\u00f3w, powstawanie tzw. \u201echomik\u00f3w\u201d w okolicy kraw\u0119dzi \u017cuchwy, pog\u0142\u0119bianie fa\u0142d\u00f3w nosowo-wargowych. Takie ubytki tkankowe&#8230;<\/p>\n","protected":false},"author":5,"featured_media":0,"parent":2490,"menu_order":0,"comment_status":"closed","ping_status":"closed","template":"","meta":[],"translation":{"provider":"WPGlobus","version":"2.10.4","language":"en","enabled_languages":["pl","en"],"languages":{"pl":{"title":true,"content":true,"excerpt":false},"en":{"title":true,"content":false,"excerpt":false}}},"yoast_head":"<!-- This site is optimized with the Yoast SEO plugin v19.6.1 - https:\/\/yoast.com\/wordpress\/plugins\/seo\/ -->\n<title>TREATMENT - SmileCraft Warszawa<\/title>\n<meta name=\"robots\" content=\"index, follow, max-snippet:-1, max-image-preview:large, max-video-preview:-1\" \/>\n<link rel=\"canonical\" href=\"https:\/\/smilecraft.pl\/medycyna_estetyczna\/kwas-hialuronowy\/\" \/>\n<meta property=\"og:locale\" content=\"en_GB\" \/>\n<meta property=\"og:type\" content=\"article\" \/>\n<meta property=\"og:title\" content=\"TREATMENT - SmileCraft Warszawa\" \/>\n<meta property=\"og:url\" content=\"https:\/\/smilecraft.pl\/medycyna_estetyczna\/kwas-hialuronowy\/\" \/>\n<meta property=\"og:site_name\" content=\"SmileCraft\" \/>\n<meta property=\"article:publisher\" content=\"https:\/\/www.facebook.com\/smilecraftwarszawa\/\" \/>\n<meta property=\"article:modified_time\" content=\"2019-11-08T18:15:42+00:00\" \/>\n<meta property=\"og:image\" content=\"http:\/\/smilecraft.pl\/wp-content\/uploads\/2019\/11\/wolu-300x300.jpg\" \/>\n<meta name=\"twitter:card\" content=\"summary_large_image\" \/>\n<meta name=\"twitter:label1\" content=\"Estimated reading time\" \/>\n\t<meta name=\"twitter:data1\" content=\"3 minutes\" \/>\n<script type=\"application\/ld+json\" class=\"yoast-schema-graph\">{\"@context\":\"https:\/\/schema.org\",\"@graph\":[{\"@type\":\"WebPage\",\"@id\":\"https:\/\/smilecraft.pl\/medycyna_estetyczna\/kwas-hialuronowy\/\",\"url\":\"https:\/\/smilecraft.pl\/medycyna_estetyczna\/kwas-hialuronowy\/\",\"name\":\"TREATMENT - SmileCraft Warszawa\",\"isPartOf\":{\"@id\":\"https:\/\/smilecraft.pl\/#website\"},\"datePublished\":\"2019-11-07T14:57:22+00:00\",\"dateModified\":\"2019-11-08T18:15:42+00:00\",\"breadcrumb\":{\"@id\":\"https:\/\/smilecraft.pl\/medycyna_estetyczna\/kwas-hialuronowy\/#breadcrumb\"},\"inLanguage\":\"en-GB\",\"potentialAction\":[{\"@type\":\"ReadAction\",\"target\":[\"https:\/\/smilecraft.pl\/medycyna_estetyczna\/kwas-hialuronowy\/\"]}]},{\"@type\":\"BreadcrumbList\",\"@id\":\"https:\/\/smilecraft.pl\/medycyna_estetyczna\/kwas-hialuronowy\/#breadcrumb\",\"itemListElement\":[{\"@type\":\"ListItem\",\"position\":1,\"name\":\"Strona g\u0142\u00f3wna\",\"item\":\"https:\/\/smilecraft.pl\/\"},{\"@type\":\"ListItem\",\"position\":2,\"name\":\"TREATMENT\",\"item\":\"https:\/\/smilecraft.pl\/en\/medycyna_estetyczna\/\"},{\"@type\":\"ListItem\",\"position\":3,\"name\":\"Kwas hialuronowy\"}]},{\"@type\":\"WebSite\",\"@id\":\"https:\/\/smilecraft.pl\/#website\",\"url\":\"https:\/\/smilecraft.pl\/\",\"name\":\"SmileCraft\",\"description\":\"Klinika stomatologiczna Warszawa Powi\u015ble\",\"publisher\":{\"@id\":\"https:\/\/smilecraft.pl\/#organization\"},\"potentialAction\":[{\"@type\":\"SearchAction\",\"target\":{\"@type\":\"EntryPoint\",\"urlTemplate\":\"https:\/\/smilecraft.pl\/?s={search_term_string}\"},\"query-input\":\"required name=search_term_string\"}],\"inLanguage\":\"en-GB\"},{\"@type\":\"Organization\",\"@id\":\"https:\/\/smilecraft.pl\/#organization\",\"name\":\"SmileCraft\",\"url\":\"https:\/\/smilecraft.pl\/\",\"sameAs\":[\"https:\/\/www.facebook.com\/smilecraftwarszawa\/\"],\"logo\":{\"@type\":\"ImageObject\",\"inLanguage\":\"en-GB\",\"@id\":\"https:\/\/smilecraft.pl\/#\/schema\/logo\/image\/\",\"url\":\"https:\/\/smilecraft.pl\/wp-content\/uploads\/2016\/06\/logo.png\",\"contentUrl\":\"https:\/\/smilecraft.pl\/wp-content\/uploads\/2016\/06\/logo.png\",\"width\":140,\"height\":133,\"caption\":\"SmileCraft\"},\"image\":{\"@id\":\"https:\/\/smilecraft.pl\/#\/schema\/logo\/image\/\"}}]}<\/script>\n<!-- \/ Yoast SEO plugin. -->","yoast_head_json":{"title":"TREATMENT - SmileCraft Warszawa","robots":{"index":"index","follow":"follow","max-snippet":"max-snippet:-1","max-image-preview":"max-image-preview:large","max-video-preview":"max-video-preview:-1"},"canonical":"https:\/\/smilecraft.pl\/medycyna_estetyczna\/kwas-hialuronowy\/","og_locale":"en_GB","og_type":"article","og_title":"TREATMENT - SmileCraft Warszawa","og_url":"https:\/\/smilecraft.pl\/medycyna_estetyczna\/kwas-hialuronowy\/","og_site_name":"SmileCraft","article_publisher":"https:\/\/www.facebook.com\/smilecraftwarszawa\/","article_modified_time":"2019-11-08T18:15:42+00:00","og_image":[{"url":"http:\/\/smilecraft.pl\/wp-content\/uploads\/2019\/11\/wolu-300x300.jpg"}],"twitter_card":"summary_large_image","twitter_misc":{"Estimated reading time":"3 minutes"},"schema":{"@context":"https:\/\/schema.org","@graph":[{"@type":"WebPage","@id":"https:\/\/smilecraft.pl\/medycyna_estetyczna\/kwas-hialuronowy\/","url":"https:\/\/smilecraft.pl\/medycyna_estetyczna\/kwas-hialuronowy\/","name":"TREATMENT - SmileCraft Warszawa","isPartOf":{"@id":"https:\/\/smilecraft.pl\/#website"},"datePublished":"2019-11-07T14:57:22+00:00","dateModified":"2019-11-08T18:15:42+00:00","breadcrumb":{"@id":"https:\/\/smilecraft.pl\/medycyna_estetyczna\/kwas-hialuronowy\/#breadcrumb"},"inLanguage":"en-GB","potentialAction":[{"@type":"ReadAction","target":["https:\/\/smilecraft.pl\/medycyna_estetyczna\/kwas-hialuronowy\/"]}]},{"@type":"BreadcrumbList","@id":"https:\/\/smilecraft.pl\/medycyna_estetyczna\/kwas-hialuronowy\/#breadcrumb","itemListElement":[{"@type":"ListItem","position":1,"name":"Strona g\u0142\u00f3wna","item":"https:\/\/smilecraft.pl\/"},{"@type":"ListItem","position":2,"name":"TREATMENT","item":"https:\/\/smilecraft.pl\/en\/medycyna_estetyczna\/"},{"@type":"ListItem","position":3,"name":"Kwas hialuronowy"}]},{"@type":"WebSite","@id":"https:\/\/smilecraft.pl\/#website","url":"https:\/\/smilecraft.pl\/","name":"SmileCraft","description":"Klinika stomatologiczna Warszawa Powi\u015ble","publisher":{"@id":"https:\/\/smilecraft.pl\/#organization"},"potentialAction":[{"@type":"SearchAction","target":{"@type":"EntryPoint","urlTemplate":"https:\/\/smilecraft.pl\/?s={search_term_string}"},"query-input":"required name=search_term_string"}],"inLanguage":"en-GB"},{"@type":"Organization","@id":"https:\/\/smilecraft.pl\/#organization","name":"SmileCraft","url":"https:\/\/smilecraft.pl\/","sameAs":["https:\/\/www.facebook.com\/smilecraftwarszawa\/"],"logo":{"@type":"ImageObject","inLanguage":"en-GB","@id":"https:\/\/smilecraft.pl\/#\/schema\/logo\/image\/","url":"https:\/\/smilecraft.pl\/wp-content\/uploads\/2016\/06\/logo.png","contentUrl":"https:\/\/smilecraft.pl\/wp-content\/uploads\/2016\/06\/logo.png","width":140,"height":133,"caption":"SmileCraft"},"image":{"@id":"https:\/\/smilecraft.pl\/#\/schema\/logo\/image\/"}}]}},"_links":{"self":[{"href":"https:\/\/smilecraft.pl\/en\/wp-json\/wp\/v2\/pages\/2557"}],"collection":[{"href":"https:\/\/smilecraft.pl\/en\/wp-json\/wp\/v2\/pages"}],"about":[{"href":"https:\/\/smilecraft.pl\/en\/wp-json\/wp\/v2\/types\/page"}],"author":[{"embeddable":true,"href":"https:\/\/smilecraft.pl\/en\/wp-json\/wp\/v2\/users\/5"}],"replies":[{"embeddable":true,"href":"https:\/\/smilecraft.pl\/en\/wp-json\/wp\/v2\/comments?post=2557"}],"version-history":[{"count":9,"href":"https:\/\/smilecraft.pl\/en\/wp-json\/wp\/v2\/pages\/2557\/revisions"}],"predecessor-version":[{"id":2639,"href":"https:\/\/smilecraft.pl\/en\/wp-json\/wp\/v2\/pages\/2557\/revisions\/2639"}],"up":[{"embeddable":true,"href":"https:\/\/smilecraft.pl\/en\/wp-json\/wp\/v2\/pages\/2490"}],"wp:attachment":[{"href":"https:\/\/smilecraft.pl\/en\/wp-json\/wp\/v2\/media?parent=2557"}],"curies":[{"name":"wp","href":"https:\/\/api.w.org\/{rel}","templated":true}]}}