{"id":2562,"date":"2019-11-07T16:01:49","date_gmt":"2019-11-07T15:01:49","guid":{"rendered":"http:\/\/smilecraft.pl\/?page_id=2562"},"modified":"2019-11-12T22:07:50","modified_gmt":"2019-11-12T21:07:50","slug":"mezoterapia","status":"publish","type":"page","link":"https:\/\/smilecraft.pl\/en\/medycyna_estetyczna\/mezoterapia\/","title":{"rendered":"TREATMENT"},"content":{"rendered":"<p>[vc_row css=&#8221;.vc_custom_1443530038917{margin-bottom: 50px !important;}&#8221;][vc_column offset=&#8221;vc_col-lg-9 vc_col-md-9&#8243;][vc_column_text el_class=&#8221;blue-heading&#8221;]<\/p>\n<h5>ZABIEGI Z WYKORZYSTANIEM MEZOTERAPI:<\/h5>\n<p>[\/vc_column_text][vc_column_text el_id=&#8221;nawilzanie&#8221;]<\/p>\n<h4><img loading=\"lazy\" class=\"size-medium wp-image-2637 alignleft\" src=\"http:\/\/smilecraft.pl\/wp-content\/uploads\/2019\/11\/peeeling-300x300.jpg\" alt=\"\" width=\"300\" height=\"300\" srcset=\"https:\/\/smilecraft.pl\/wp-content\/uploads\/2019\/11\/peeeling-300x300.jpg 300w, https:\/\/smilecraft.pl\/wp-content\/uploads\/2019\/11\/peeeling-150x150.jpg 150w, https:\/\/smilecraft.pl\/wp-content\/uploads\/2019\/11\/peeeling-768x768.jpg 768w, https:\/\/smilecraft.pl\/wp-content\/uploads\/2019\/11\/peeeling-175x175.jpg 175w, https:\/\/smilecraft.pl\/wp-content\/uploads\/2019\/11\/peeeling-275x275.jpg 275w, https:\/\/smilecraft.pl\/wp-content\/uploads\/2019\/11\/peeeling.jpg 800w\" sizes=\"(max-width: 300px) 100vw, 300px\" \/>Mezoterapia<\/h4>\n<p>Mezoterapia polega na \u015br\u00f3dsk\u00f3rnym podaniu odpowiedniego preparatu, kt\u00f3ry \u00a0jest odpowiednio dobierany w zale\u017cno\u015bci od wskazania i problemu. Podaje si\u0119 go wykonuj\u0105c seri\u0119 drobnych uk\u0142u\u0107 i pozostawiaj\u0105c w sk\u00f3rze jego ma\u0142e depozyty. Preparaty stosowane w mezoterapii to koktajle najcz\u0119\u015bciej aminokwas\u00f3w, kwasu hialuronowego, peptyd\u00f3w, mikroelement\u00f3w i witamin.<\/p>\n<p>Zabiegi te:<br \/>\n&#8211; stymuluj\u0105 regeneracj\u0119 sk\u00f3ry,<br \/>\n&#8211; zapewniaj\u0105 powstawanie nowych naczy\u0144 krwiono\u015bnych,<br \/>\n&#8211; poprawiaj\u0105 mikrokr\u0105\u017cenie,<br \/>\n&#8211; poprawiaj\u0105 metabolizm kom\u00f3rek sk\u00f3ry,<br \/>\n&#8211; nawil\u017caj\u0105 i poprawiaj\u0105 j\u0119drno\u015b\u0107,<br \/>\n&#8211; napinaj\u0105 i redukuj\u0105 wiotko\u015b\u0107 sk\u00f3ry,<\/p>\n<p>Wskazania:<br \/>\n&#8211; zwiotczenie sk\u00f3ry,<br \/>\n&#8211; profilaktyka przeciwstarzeniowa i przeciwzmarszczkowa,<br \/>\n&#8211; rozst\u0119py,<br \/>\n&#8211; cellulit,<br \/>\n&#8211; mezoterapia sk\u00f3ry g\u0142owy,[\/vc_column_text][\/vc_column][vc_column width=&#8221;1\/4&#8243;][stm_sidebar sidebar=&#8221;700&#8243; css=&#8221;.vc_custom_1492086403729{padding-top: 15px !important;}&#8221;][stm_sidebar sidebar=&#8221;1863&#8243; css=&#8221;.vc_custom_1466594920464{padding-top: 15px !important;}&#8221;][\/vc_column][\/vc_row]<\/p>\n","protected":false},"excerpt":{"rendered":"<p>[vc_row css=&#8221;.vc_custom_1443530038917{margin-bottom: 50px !important;}&#8221;][vc_column offset=&#8221;vc_col-lg-9 vc_col-md-9&#8243;][vc_column_text el_class=&#8221;blue-heading&#8221;] ZABIEGI Z WYKORZYSTANIEM MEZOTERAPI: [\/vc_column_text][vc_column_text el_id=&#8221;nawilzanie&#8221;] Mezoterapia Mezoterapia polega na \u015br\u00f3dsk\u00f3rnym podaniu odpowiedniego preparatu, kt\u00f3ry \u00a0jest odpowiednio dobierany w zale\u017cno\u015bci od wskazania i problemu. Podaje si\u0119 go wykonuj\u0105c seri\u0119 drobnych uk\u0142u\u0107 i pozostawiaj\u0105c w sk\u00f3rze jego ma\u0142e depozyty. Preparaty stosowane w mezoterapii to koktajle najcz\u0119\u015bciej aminokwas\u00f3w, kwasu hialuronowego,&#8230;<\/p>\n","protected":false},"author":5,"featured_media":0,"parent":2490,"menu_order":0,"comment_status":"closed","ping_status":"closed","template":"","meta":[],"translation":{"provider":"WPGlobus","version":"2.10.4","language":"en","enabled_languages":["pl","en"],"languages":{"pl":{"title":true,"content":true,"excerpt":false},"en":{"title":true,"content":false,"excerpt":false}}},"yoast_head":"<!-- This site is optimized with the Yoast SEO plugin v19.6.1 - https:\/\/yoast.com\/wordpress\/plugins\/seo\/ -->\n<title>TREATMENT - SmileCraft Warszawa<\/title>\n<meta name=\"robots\" content=\"index, follow, max-snippet:-1, max-image-preview:large, max-video-preview:-1\" \/>\n<link rel=\"canonical\" href=\"https:\/\/smilecraft.pl\/medycyna_estetyczna\/mezoterapia\/\" \/>\n<meta property=\"og:locale\" content=\"en_GB\" \/>\n<meta property=\"og:type\" content=\"article\" \/>\n<meta property=\"og:title\" content=\"TREATMENT - SmileCraft Warszawa\" \/>\n<meta property=\"og:url\" content=\"https:\/\/smilecraft.pl\/medycyna_estetyczna\/mezoterapia\/\" \/>\n<meta property=\"og:site_name\" content=\"SmileCraft\" \/>\n<meta property=\"article:publisher\" content=\"https:\/\/www.facebook.com\/smilecraftwarszawa\/\" \/>\n<meta property=\"article:modified_time\" content=\"2019-11-12T21:07:50+00:00\" \/>\n<meta property=\"og:image\" content=\"http:\/\/smilecraft.pl\/wp-content\/uploads\/2019\/11\/peeeling-300x300.jpg\" \/>\n<meta name=\"twitter:card\" content=\"summary_large_image\" \/>\n<meta name=\"twitter:label1\" content=\"Estimated reading time\" \/>\n\t<meta name=\"twitter:data1\" content=\"1 minute\" \/>\n<script type=\"application\/ld+json\" class=\"yoast-schema-graph\">{\"@context\":\"https:\/\/schema.org\",\"@graph\":[{\"@type\":\"WebPage\",\"@id\":\"https:\/\/smilecraft.pl\/medycyna_estetyczna\/mezoterapia\/\",\"url\":\"https:\/\/smilecraft.pl\/medycyna_estetyczna\/mezoterapia\/\",\"name\":\"TREATMENT - SmileCraft Warszawa\",\"isPartOf\":{\"@id\":\"https:\/\/smilecraft.pl\/#website\"},\"datePublished\":\"2019-11-07T15:01:49+00:00\",\"dateModified\":\"2019-11-12T21:07:50+00:00\",\"breadcrumb\":{\"@id\":\"https:\/\/smilecraft.pl\/medycyna_estetyczna\/mezoterapia\/#breadcrumb\"},\"inLanguage\":\"en-GB\",\"potentialAction\":[{\"@type\":\"ReadAction\",\"target\":[\"https:\/\/smilecraft.pl\/medycyna_estetyczna\/mezoterapia\/\"]}]},{\"@type\":\"BreadcrumbList\",\"@id\":\"https:\/\/smilecraft.pl\/medycyna_estetyczna\/mezoterapia\/#breadcrumb\",\"itemListElement\":[{\"@type\":\"ListItem\",\"position\":1,\"name\":\"Strona g\u0142\u00f3wna\",\"item\":\"https:\/\/smilecraft.pl\/\"},{\"@type\":\"ListItem\",\"position\":2,\"name\":\"TREATMENT\",\"item\":\"https:\/\/smilecraft.pl\/en\/medycyna_estetyczna\/\"},{\"@type\":\"ListItem\",\"position\":3,\"name\":\"Mezoterapia\"}]},{\"@type\":\"WebSite\",\"@id\":\"https:\/\/smilecraft.pl\/#website\",\"url\":\"https:\/\/smilecraft.pl\/\",\"name\":\"SmileCraft\",\"description\":\"Klinika stomatologiczna Warszawa Powi\u015ble\",\"publisher\":{\"@id\":\"https:\/\/smilecraft.pl\/#organization\"},\"potentialAction\":[{\"@type\":\"SearchAction\",\"target\":{\"@type\":\"EntryPoint\",\"urlTemplate\":\"https:\/\/smilecraft.pl\/?s={search_term_string}\"},\"query-input\":\"required name=search_term_string\"}],\"inLanguage\":\"en-GB\"},{\"@type\":\"Organization\",\"@id\":\"https:\/\/smilecraft.pl\/#organization\",\"name\":\"SmileCraft\",\"url\":\"https:\/\/smilecraft.pl\/\",\"sameAs\":[\"https:\/\/www.facebook.com\/smilecraftwarszawa\/\"],\"logo\":{\"@type\":\"ImageObject\",\"inLanguage\":\"en-GB\",\"@id\":\"https:\/\/smilecraft.pl\/#\/schema\/logo\/image\/\",\"url\":\"https:\/\/smilecraft.pl\/wp-content\/uploads\/2016\/06\/logo.png\",\"contentUrl\":\"https:\/\/smilecraft.pl\/wp-content\/uploads\/2016\/06\/logo.png\",\"width\":140,\"height\":133,\"caption\":\"SmileCraft\"},\"image\":{\"@id\":\"https:\/\/smilecraft.pl\/#\/schema\/logo\/image\/\"}}]}<\/script>\n<!-- \/ Yoast SEO plugin. -->","yoast_head_json":{"title":"TREATMENT - SmileCraft Warszawa","robots":{"index":"index","follow":"follow","max-snippet":"max-snippet:-1","max-image-preview":"max-image-preview:large","max-video-preview":"max-video-preview:-1"},"canonical":"https:\/\/smilecraft.pl\/medycyna_estetyczna\/mezoterapia\/","og_locale":"en_GB","og_type":"article","og_title":"TREATMENT - SmileCraft Warszawa","og_url":"https:\/\/smilecraft.pl\/medycyna_estetyczna\/mezoterapia\/","og_site_name":"SmileCraft","article_publisher":"https:\/\/www.facebook.com\/smilecraftwarszawa\/","article_modified_time":"2019-11-12T21:07:50+00:00","og_image":[{"url":"http:\/\/smilecraft.pl\/wp-content\/uploads\/2019\/11\/peeeling-300x300.jpg"}],"twitter_card":"summary_large_image","twitter_misc":{"Estimated reading time":"1 minute"},"schema":{"@context":"https:\/\/schema.org","@graph":[{"@type":"WebPage","@id":"https:\/\/smilecraft.pl\/medycyna_estetyczna\/mezoterapia\/","url":"https:\/\/smilecraft.pl\/medycyna_estetyczna\/mezoterapia\/","name":"TREATMENT - SmileCraft Warszawa","isPartOf":{"@id":"https:\/\/smilecraft.pl\/#website"},"datePublished":"2019-11-07T15:01:49+00:00","dateModified":"2019-11-12T21:07:50+00:00","breadcrumb":{"@id":"https:\/\/smilecraft.pl\/medycyna_estetyczna\/mezoterapia\/#breadcrumb"},"inLanguage":"en-GB","potentialAction":[{"@type":"ReadAction","target":["https:\/\/smilecraft.pl\/medycyna_estetyczna\/mezoterapia\/"]}]},{"@type":"BreadcrumbList","@id":"https:\/\/smilecraft.pl\/medycyna_estetyczna\/mezoterapia\/#breadcrumb","itemListElement":[{"@type":"ListItem","position":1,"name":"Strona g\u0142\u00f3wna","item":"https:\/\/smilecraft.pl\/"},{"@type":"ListItem","position":2,"name":"TREATMENT","item":"https:\/\/smilecraft.pl\/en\/medycyna_estetyczna\/"},{"@type":"ListItem","position":3,"name":"Mezoterapia"}]},{"@type":"WebSite","@id":"https:\/\/smilecraft.pl\/#website","url":"https:\/\/smilecraft.pl\/","name":"SmileCraft","description":"Klinika stomatologiczna Warszawa Powi\u015ble","publisher":{"@id":"https:\/\/smilecraft.pl\/#organization"},"potentialAction":[{"@type":"SearchAction","target":{"@type":"EntryPoint","urlTemplate":"https:\/\/smilecraft.pl\/?s={search_term_string}"},"query-input":"required name=search_term_string"}],"inLanguage":"en-GB"},{"@type":"Organization","@id":"https:\/\/smilecraft.pl\/#organization","name":"SmileCraft","url":"https:\/\/smilecraft.pl\/","sameAs":["https:\/\/www.facebook.com\/smilecraftwarszawa\/"],"logo":{"@type":"ImageObject","inLanguage":"en-GB","@id":"https:\/\/smilecraft.pl\/#\/schema\/logo\/image\/","url":"https:\/\/smilecraft.pl\/wp-content\/uploads\/2016\/06\/logo.png","contentUrl":"https:\/\/smilecraft.pl\/wp-content\/uploads\/2016\/06\/logo.png","width":140,"height":133,"caption":"SmileCraft"},"image":{"@id":"https:\/\/smilecraft.pl\/#\/schema\/logo\/image\/"}}]}},"_links":{"self":[{"href":"https:\/\/smilecraft.pl\/en\/wp-json\/wp\/v2\/pages\/2562"}],"collection":[{"href":"https:\/\/smilecraft.pl\/en\/wp-json\/wp\/v2\/pages"}],"about":[{"href":"https:\/\/smilecraft.pl\/en\/wp-json\/wp\/v2\/types\/page"}],"author":[{"embeddable":true,"href":"https:\/\/smilecraft.pl\/en\/wp-json\/wp\/v2\/users\/5"}],"replies":[{"embeddable":true,"href":"https:\/\/smilecraft.pl\/en\/wp-json\/wp\/v2\/comments?post=2562"}],"version-history":[{"count":8,"href":"https:\/\/smilecraft.pl\/en\/wp-json\/wp\/v2\/pages\/2562\/revisions"}],"predecessor-version":[{"id":2726,"href":"https:\/\/smilecraft.pl\/en\/wp-json\/wp\/v2\/pages\/2562\/revisions\/2726"}],"up":[{"embeddable":true,"href":"https:\/\/smilecraft.pl\/en\/wp-json\/wp\/v2\/pages\/2490"}],"wp:attachment":[{"href":"https:\/\/smilecraft.pl\/en\/wp-json\/wp\/v2\/media?parent=2562"}],"curies":[{"name":"wp","href":"https:\/\/api.w.org\/{rel}","templated":true}]}}