{"id":2566,"date":"2019-11-07T16:07:14","date_gmt":"2019-11-07T15:07:14","guid":{"rendered":"http:\/\/smilecraft.pl\/?page_id=2566"},"modified":"2019-11-08T13:37:57","modified_gmt":"2019-11-08T12:37:57","slug":"nici-liftingujace","status":"publish","type":"page","link":"https:\/\/smilecraft.pl\/en\/medycyna_estetyczna\/nici-liftingujace\/","title":{"rendered":"TREATMENT"},"content":{"rendered":"<p>[vc_row css=&#8221;.vc_custom_1443530038917{margin-bottom: 50px !important;}&#8221;][vc_column offset=&#8221;vc_col-lg-9 vc_col-md-9&#8243;][vc_column_text el_class=&#8221;blue-heading&#8221;]<\/p>\n<h5>ZABIEGI Z WYKORZYSTANIEM NICI LIFTINGUJ\u0104CYCH:<\/h5>\n<p>[\/vc_column_text][vc_column_text el_id=&#8221;unoszenie&#8221;]<\/p>\n<h4><img loading=\"lazy\" class=\"size-medium wp-image-2634 alignleft\" src=\"http:\/\/smilecraft.pl\/wp-content\/uploads\/2019\/11\/brew-300x300.jpg\" alt=\"\" width=\"300\" height=\"300\" srcset=\"https:\/\/smilecraft.pl\/wp-content\/uploads\/2019\/11\/brew-300x300.jpg 300w, https:\/\/smilecraft.pl\/wp-content\/uploads\/2019\/11\/brew-150x150.jpg 150w, https:\/\/smilecraft.pl\/wp-content\/uploads\/2019\/11\/brew-768x768.jpg 768w, https:\/\/smilecraft.pl\/wp-content\/uploads\/2019\/11\/brew-175x175.jpg 175w, https:\/\/smilecraft.pl\/wp-content\/uploads\/2019\/11\/brew-275x275.jpg 275w, https:\/\/smilecraft.pl\/wp-content\/uploads\/2019\/11\/brew.jpg 800w\" sizes=\"(max-width: 300px) 100vw, 300px\" \/>Nici PDO<\/h4>\n<p>Implantacja nici w obr\u0119bie sk\u00f3ry powoduje pobudzenie procesu neokolagenezy- czyli produkcji<br \/>\nnowego kolagenu odpowiedzialnego za napi\u0119cie i j\u0119drno\u015b\u0107 sk\u00f3ry, oraz produkcj\u0119 elastyny odpowiedzialnej za spr\u0119\u017cysto\u015b\u0107 i elastyczno\u015b\u0107 sk\u00f3ry. Dzi\u0119ki temu sk\u00f3ra staje si\u0119 g\u0142adsza, bardziej \u015bwietlista, zmarszczki znikaj\u0105, owal twarzy si\u0119 podnosi, \u201epory\u201d ulegaj\u0105 zw\u0119\u017ceniu, wzmocnieniu ulegaj\u0105 obwis\u0142e tkanki; nast\u0119puje lifting sk\u00f3ry.<\/p>\n<p>Wskazania:<br \/>\n&#8211; unoszenie brwi,<br \/>\n&#8211; podnoszenie policzk\u00f3w,<br \/>\n&#8211; redukcja \u201echomik\u00f3w\u201d,<br \/>\n&#8211; redukcja fa\u0142d\u00f3w nosowo-wargowych,<br \/>\n&#8211; likwidacja zmarszczek \u015bmiechowych na policzkach,<br \/>\n&#8211; wyg\u0142adzanie drobnych zmarszczek sk\u00f3ry twarzy i szyi,<br \/>\n&#8211; poprawianie konturu \u017cuchwy,<br \/>\n&#8211; uj\u0119drnianie sk\u00f3ry twarzy, szyi, po\u015bladk\u00f3w, ramion.[\/vc_column_text][\/vc_column][vc_column width=&#8221;1\/4&#8243;][stm_sidebar sidebar=&#8221;700&#8243; css=&#8221;.vc_custom_1492086403729{padding-top: 15px !important;}&#8221;][stm_sidebar sidebar=&#8221;1863&#8243; css=&#8221;.vc_custom_1466594920464{padding-top: 15px !important;}&#8221;][\/vc_column][\/vc_row]<\/p>\n","protected":false},"excerpt":{"rendered":"<p>[vc_row css=&#8221;.vc_custom_1443530038917{margin-bottom: 50px !important;}&#8221;][vc_column offset=&#8221;vc_col-lg-9 vc_col-md-9&#8243;][vc_column_text el_class=&#8221;blue-heading&#8221;] ZABIEGI Z WYKORZYSTANIEM NICI LIFTINGUJ\u0104CYCH: [\/vc_column_text][vc_column_text el_id=&#8221;unoszenie&#8221;] Nici PDO Implantacja nici w obr\u0119bie sk\u00f3ry powoduje pobudzenie procesu neokolagenezy- czyli produkcji nowego kolagenu odpowiedzialnego za napi\u0119cie i j\u0119drno\u015b\u0107 sk\u00f3ry, oraz produkcj\u0119 elastyny odpowiedzialnej za spr\u0119\u017cysto\u015b\u0107 i elastyczno\u015b\u0107 sk\u00f3ry. Dzi\u0119ki temu sk\u00f3ra staje si\u0119 g\u0142adsza, bardziej \u015bwietlista, zmarszczki znikaj\u0105, owal&#8230;<\/p>\n","protected":false},"author":5,"featured_media":0,"parent":2490,"menu_order":0,"comment_status":"closed","ping_status":"closed","template":"","meta":[],"translation":{"provider":"WPGlobus","version":"2.10.4","language":"en","enabled_languages":["pl","en"],"languages":{"pl":{"title":true,"content":true,"excerpt":false},"en":{"title":true,"content":false,"excerpt":false}}},"yoast_head":"<!-- This site is optimized with the Yoast SEO plugin v19.6.1 - https:\/\/yoast.com\/wordpress\/plugins\/seo\/ -->\n<title>TREATMENT - SmileCraft Warszawa<\/title>\n<meta name=\"robots\" content=\"index, follow, max-snippet:-1, max-image-preview:large, max-video-preview:-1\" \/>\n<link rel=\"canonical\" href=\"https:\/\/smilecraft.pl\/en\/medycyna_estetyczna\/nici-liftingujace\/\" \/>\n<meta property=\"og:locale\" content=\"en_GB\" \/>\n<meta property=\"og:type\" content=\"article\" \/>\n<meta property=\"og:title\" content=\"TREATMENT - SmileCraft Warszawa\" \/>\n<meta property=\"og:url\" content=\"https:\/\/smilecraft.pl\/en\/medycyna_estetyczna\/nici-liftingujace\/\" \/>\n<meta property=\"og:site_name\" content=\"SmileCraft\" \/>\n<meta property=\"article:publisher\" content=\"https:\/\/www.facebook.com\/smilecraftwarszawa\/\" \/>\n<meta property=\"article:modified_time\" content=\"2019-11-08T12:37:57+00:00\" \/>\n<meta property=\"og:image\" content=\"http:\/\/smilecraft.pl\/wp-content\/uploads\/2019\/11\/brew-300x300.jpg\" \/>\n<meta name=\"twitter:card\" content=\"summary_large_image\" \/>\n<meta name=\"twitter:label1\" content=\"Estimated reading time\" \/>\n\t<meta name=\"twitter:data1\" content=\"1 minute\" \/>\n<script type=\"application\/ld+json\" class=\"yoast-schema-graph\">{\"@context\":\"https:\/\/schema.org\",\"@graph\":[{\"@type\":\"WebPage\",\"@id\":\"https:\/\/smilecraft.pl\/en\/medycyna_estetyczna\/nici-liftingujace\/\",\"url\":\"https:\/\/smilecraft.pl\/en\/medycyna_estetyczna\/nici-liftingujace\/\",\"name\":\"TREATMENT - SmileCraft Warszawa\",\"isPartOf\":{\"@id\":\"https:\/\/smilecraft.pl\/#website\"},\"datePublished\":\"2019-11-07T15:07:14+00:00\",\"dateModified\":\"2019-11-08T12:37:57+00:00\",\"breadcrumb\":{\"@id\":\"https:\/\/smilecraft.pl\/en\/medycyna_estetyczna\/nici-liftingujace\/#breadcrumb\"},\"inLanguage\":\"en-GB\",\"potentialAction\":[{\"@type\":\"ReadAction\",\"target\":[\"https:\/\/smilecraft.pl\/en\/medycyna_estetyczna\/nici-liftingujace\/\"]}]},{\"@type\":\"BreadcrumbList\",\"@id\":\"https:\/\/smilecraft.pl\/en\/medycyna_estetyczna\/nici-liftingujace\/#breadcrumb\",\"itemListElement\":[{\"@type\":\"ListItem\",\"position\":1,\"name\":\"Strona g\u0142\u00f3wna\",\"item\":\"https:\/\/smilecraft.pl\/\"},{\"@type\":\"ListItem\",\"position\":2,\"name\":\"TREATMENT\",\"item\":\"https:\/\/smilecraft.pl\/en\/medycyna_estetyczna\/\"},{\"@type\":\"ListItem\",\"position\":3,\"name\":\"TREATMENT\"}]},{\"@type\":\"WebSite\",\"@id\":\"https:\/\/smilecraft.pl\/#website\",\"url\":\"https:\/\/smilecraft.pl\/\",\"name\":\"SmileCraft\",\"description\":\"Klinika stomatologiczna Warszawa Powi\u015ble\",\"publisher\":{\"@id\":\"https:\/\/smilecraft.pl\/#organization\"},\"potentialAction\":[{\"@type\":\"SearchAction\",\"target\":{\"@type\":\"EntryPoint\",\"urlTemplate\":\"https:\/\/smilecraft.pl\/?s={search_term_string}\"},\"query-input\":\"required name=search_term_string\"}],\"inLanguage\":\"en-GB\"},{\"@type\":\"Organization\",\"@id\":\"https:\/\/smilecraft.pl\/#organization\",\"name\":\"SmileCraft\",\"url\":\"https:\/\/smilecraft.pl\/\",\"sameAs\":[\"https:\/\/www.facebook.com\/smilecraftwarszawa\/\"],\"logo\":{\"@type\":\"ImageObject\",\"inLanguage\":\"en-GB\",\"@id\":\"https:\/\/smilecraft.pl\/#\/schema\/logo\/image\/\",\"url\":\"https:\/\/smilecraft.pl\/wp-content\/uploads\/2016\/06\/logo.png\",\"contentUrl\":\"https:\/\/smilecraft.pl\/wp-content\/uploads\/2016\/06\/logo.png\",\"width\":140,\"height\":133,\"caption\":\"SmileCraft\"},\"image\":{\"@id\":\"https:\/\/smilecraft.pl\/#\/schema\/logo\/image\/\"}}]}<\/script>\n<!-- \/ Yoast SEO plugin. -->","yoast_head_json":{"title":"TREATMENT - SmileCraft Warszawa","robots":{"index":"index","follow":"follow","max-snippet":"max-snippet:-1","max-image-preview":"max-image-preview:large","max-video-preview":"max-video-preview:-1"},"canonical":"https:\/\/smilecraft.pl\/en\/medycyna_estetyczna\/nici-liftingujace\/","og_locale":"en_GB","og_type":"article","og_title":"TREATMENT - SmileCraft Warszawa","og_url":"https:\/\/smilecraft.pl\/en\/medycyna_estetyczna\/nici-liftingujace\/","og_site_name":"SmileCraft","article_publisher":"https:\/\/www.facebook.com\/smilecraftwarszawa\/","article_modified_time":"2019-11-08T12:37:57+00:00","og_image":[{"url":"http:\/\/smilecraft.pl\/wp-content\/uploads\/2019\/11\/brew-300x300.jpg"}],"twitter_card":"summary_large_image","twitter_misc":{"Estimated reading time":"1 minute"},"schema":{"@context":"https:\/\/schema.org","@graph":[{"@type":"WebPage","@id":"https:\/\/smilecraft.pl\/en\/medycyna_estetyczna\/nici-liftingujace\/","url":"https:\/\/smilecraft.pl\/en\/medycyna_estetyczna\/nici-liftingujace\/","name":"TREATMENT - SmileCraft Warszawa","isPartOf":{"@id":"https:\/\/smilecraft.pl\/#website"},"datePublished":"2019-11-07T15:07:14+00:00","dateModified":"2019-11-08T12:37:57+00:00","breadcrumb":{"@id":"https:\/\/smilecraft.pl\/en\/medycyna_estetyczna\/nici-liftingujace\/#breadcrumb"},"inLanguage":"en-GB","potentialAction":[{"@type":"ReadAction","target":["https:\/\/smilecraft.pl\/en\/medycyna_estetyczna\/nici-liftingujace\/"]}]},{"@type":"BreadcrumbList","@id":"https:\/\/smilecraft.pl\/en\/medycyna_estetyczna\/nici-liftingujace\/#breadcrumb","itemListElement":[{"@type":"ListItem","position":1,"name":"Strona g\u0142\u00f3wna","item":"https:\/\/smilecraft.pl\/"},{"@type":"ListItem","position":2,"name":"TREATMENT","item":"https:\/\/smilecraft.pl\/en\/medycyna_estetyczna\/"},{"@type":"ListItem","position":3,"name":"TREATMENT"}]},{"@type":"WebSite","@id":"https:\/\/smilecraft.pl\/#website","url":"https:\/\/smilecraft.pl\/","name":"SmileCraft","description":"Klinika stomatologiczna Warszawa Powi\u015ble","publisher":{"@id":"https:\/\/smilecraft.pl\/#organization"},"potentialAction":[{"@type":"SearchAction","target":{"@type":"EntryPoint","urlTemplate":"https:\/\/smilecraft.pl\/?s={search_term_string}"},"query-input":"required name=search_term_string"}],"inLanguage":"en-GB"},{"@type":"Organization","@id":"https:\/\/smilecraft.pl\/#organization","name":"SmileCraft","url":"https:\/\/smilecraft.pl\/","sameAs":["https:\/\/www.facebook.com\/smilecraftwarszawa\/"],"logo":{"@type":"ImageObject","inLanguage":"en-GB","@id":"https:\/\/smilecraft.pl\/#\/schema\/logo\/image\/","url":"https:\/\/smilecraft.pl\/wp-content\/uploads\/2016\/06\/logo.png","contentUrl":"https:\/\/smilecraft.pl\/wp-content\/uploads\/2016\/06\/logo.png","width":140,"height":133,"caption":"SmileCraft"},"image":{"@id":"https:\/\/smilecraft.pl\/#\/schema\/logo\/image\/"}}]}},"_links":{"self":[{"href":"https:\/\/smilecraft.pl\/en\/wp-json\/wp\/v2\/pages\/2566"}],"collection":[{"href":"https:\/\/smilecraft.pl\/en\/wp-json\/wp\/v2\/pages"}],"about":[{"href":"https:\/\/smilecraft.pl\/en\/wp-json\/wp\/v2\/types\/page"}],"author":[{"embeddable":true,"href":"https:\/\/smilecraft.pl\/en\/wp-json\/wp\/v2\/users\/5"}],"replies":[{"embeddable":true,"href":"https:\/\/smilecraft.pl\/en\/wp-json\/wp\/v2\/comments?post=2566"}],"version-history":[{"count":5,"href":"https:\/\/smilecraft.pl\/en\/wp-json\/wp\/v2\/pages\/2566\/revisions"}],"predecessor-version":[{"id":2633,"href":"https:\/\/smilecraft.pl\/en\/wp-json\/wp\/v2\/pages\/2566\/revisions\/2633"}],"up":[{"embeddable":true,"href":"https:\/\/smilecraft.pl\/en\/wp-json\/wp\/v2\/pages\/2490"}],"wp:attachment":[{"href":"https:\/\/smilecraft.pl\/en\/wp-json\/wp\/v2\/media?parent=2566"}],"curies":[{"name":"wp","href":"https:\/\/api.w.org\/{rel}","templated":true}]}}