{"id":2569,"date":"2019-11-07T16:08:55","date_gmt":"2019-11-07T15:08:55","guid":{"rendered":"http:\/\/smilecraft.pl\/?page_id=2569"},"modified":"2019-11-09T01:23:19","modified_gmt":"2019-11-09T00:23:19","slug":"peelingi-medyczne","status":"publish","type":"page","link":"https:\/\/smilecraft.pl\/en\/medycyna_estetyczna\/peelingi-medyczne\/","title":{"rendered":"TREATMENT"},"content":{"rendered":"<p>[vc_row css=&#8221;.vc_custom_1443530038917{margin-bottom: 50px !important;}&#8221;][vc_column offset=&#8221;vc_col-lg-9 vc_col-md-9&#8243;][vc_column_text el_class=&#8221;blue-heading&#8221;]<\/p>\n<h5>ZABIEGI Z WYKORZYSTANIEM PEELINGU MEDYCZNEGO:<\/h5>\n<p>[\/vc_column_text][vc_column_text el_id=&#8221;botoks-redukcja-zmarszczek&#8221;]<\/p>\n<h4><img loading=\"lazy\" class=\"size-medium wp-image-2637 alignleft\" src=\"http:\/\/smilecraft.pl\/wp-content\/uploads\/2019\/11\/peeeling-300x300.jpg\" alt=\"\" width=\"300\" height=\"300\" srcset=\"https:\/\/smilecraft.pl\/wp-content\/uploads\/2019\/11\/peeeling-300x300.jpg 300w, https:\/\/smilecraft.pl\/wp-content\/uploads\/2019\/11\/peeeling-150x150.jpg 150w, https:\/\/smilecraft.pl\/wp-content\/uploads\/2019\/11\/peeeling-768x768.jpg 768w, https:\/\/smilecraft.pl\/wp-content\/uploads\/2019\/11\/peeeling-175x175.jpg 175w, https:\/\/smilecraft.pl\/wp-content\/uploads\/2019\/11\/peeeling-275x275.jpg 275w, https:\/\/smilecraft.pl\/wp-content\/uploads\/2019\/11\/peeeling.jpg 800w\" sizes=\"(max-width: 300px) 100vw, 300px\" \/>Peelingi medyczne<\/h4>\n<p>Peelingi medyczne pomagaj\u0105 zwalczy\u0107 zmiany sk\u00f3rne, takie jak tr\u0105dzik czy przebarwienia.<\/p>\n<p>Rodzaj peelingu dobierany jest do indywidualnych potrzeb pacjenta.[\/vc_column_text][\/vc_column][vc_column width=&#8221;1\/4&#8243;][stm_sidebar sidebar=&#8221;700&#8243; css=&#8221;.vc_custom_1492086403729{padding-top: 15px !important;}&#8221;][stm_sidebar sidebar=&#8221;1863&#8243; css=&#8221;.vc_custom_1466594920464{padding-top: 15px !important;}&#8221;][\/vc_column][\/vc_row]<\/p>\n","protected":false},"excerpt":{"rendered":"<p>[vc_row css=&#8221;.vc_custom_1443530038917{margin-bottom: 50px !important;}&#8221;][vc_column offset=&#8221;vc_col-lg-9 vc_col-md-9&#8243;][vc_column_text el_class=&#8221;blue-heading&#8221;] ZABIEGI Z WYKORZYSTANIEM PEELINGU MEDYCZNEGO: [\/vc_column_text][vc_column_text el_id=&#8221;botoks-redukcja-zmarszczek&#8221;] Peelingi medyczne Peelingi medyczne pomagaj\u0105 zwalczy\u0107 zmiany sk\u00f3rne, takie jak tr\u0105dzik czy przebarwienia. Rodzaj peelingu dobierany jest do indywidualnych potrzeb pacjenta.[\/vc_column_text][\/vc_column][vc_column width=&#8221;1\/4&#8243;][stm_sidebar sidebar=&#8221;700&#8243; css=&#8221;.vc_custom_1492086403729{padding-top: 15px !important;}&#8221;][stm_sidebar sidebar=&#8221;1863&#8243; css=&#8221;.vc_custom_1466594920464{padding-top: 15px !important;}&#8221;][\/vc_column][\/vc_row]<\/p>\n","protected":false},"author":5,"featured_media":0,"parent":2490,"menu_order":0,"comment_status":"closed","ping_status":"closed","template":"","meta":[],"translation":{"provider":"WPGlobus","version":"2.10.4","language":"en","enabled_languages":["pl","en"],"languages":{"pl":{"title":true,"content":true,"excerpt":false},"en":{"title":true,"content":false,"excerpt":false}}},"yoast_head":"<!-- This site is optimized with the Yoast SEO plugin v19.6.1 - https:\/\/yoast.com\/wordpress\/plugins\/seo\/ -->\n<title>TREATMENT - SmileCraft Warszawa<\/title>\n<meta name=\"robots\" content=\"index, follow, max-snippet:-1, max-image-preview:large, max-video-preview:-1\" \/>\n<link rel=\"canonical\" href=\"https:\/\/smilecraft.pl\/en\/medycyna_estetyczna\/peelingi-medyczne\/\" \/>\n<meta property=\"og:locale\" content=\"en_GB\" \/>\n<meta property=\"og:type\" content=\"article\" \/>\n<meta property=\"og:title\" content=\"TREATMENT - SmileCraft Warszawa\" \/>\n<meta property=\"og:url\" content=\"https:\/\/smilecraft.pl\/en\/medycyna_estetyczna\/peelingi-medyczne\/\" \/>\n<meta property=\"og:site_name\" content=\"SmileCraft\" \/>\n<meta property=\"article:publisher\" content=\"https:\/\/www.facebook.com\/smilecraftwarszawa\/\" \/>\n<meta property=\"article:modified_time\" content=\"2019-11-09T00:23:19+00:00\" \/>\n<meta property=\"og:image\" content=\"http:\/\/smilecraft.pl\/wp-content\/uploads\/2019\/11\/peeeling-300x300.jpg\" \/>\n<meta name=\"twitter:card\" content=\"summary_large_image\" \/>\n<script type=\"application\/ld+json\" class=\"yoast-schema-graph\">{\"@context\":\"https:\/\/schema.org\",\"@graph\":[{\"@type\":\"WebPage\",\"@id\":\"https:\/\/smilecraft.pl\/en\/medycyna_estetyczna\/peelingi-medyczne\/\",\"url\":\"https:\/\/smilecraft.pl\/en\/medycyna_estetyczna\/peelingi-medyczne\/\",\"name\":\"TREATMENT - SmileCraft Warszawa\",\"isPartOf\":{\"@id\":\"https:\/\/smilecraft.pl\/#website\"},\"datePublished\":\"2019-11-07T15:08:55+00:00\",\"dateModified\":\"2019-11-09T00:23:19+00:00\",\"breadcrumb\":{\"@id\":\"https:\/\/smilecraft.pl\/en\/medycyna_estetyczna\/peelingi-medyczne\/#breadcrumb\"},\"inLanguage\":\"en-GB\",\"potentialAction\":[{\"@type\":\"ReadAction\",\"target\":[\"https:\/\/smilecraft.pl\/en\/medycyna_estetyczna\/peelingi-medyczne\/\"]}]},{\"@type\":\"BreadcrumbList\",\"@id\":\"https:\/\/smilecraft.pl\/en\/medycyna_estetyczna\/peelingi-medyczne\/#breadcrumb\",\"itemListElement\":[{\"@type\":\"ListItem\",\"position\":1,\"name\":\"Strona g\u0142\u00f3wna\",\"item\":\"https:\/\/smilecraft.pl\/\"},{\"@type\":\"ListItem\",\"position\":2,\"name\":\"TREATMENT\",\"item\":\"https:\/\/smilecraft.pl\/en\/medycyna_estetyczna\/\"},{\"@type\":\"ListItem\",\"position\":3,\"name\":\"TREATMENT\"}]},{\"@type\":\"WebSite\",\"@id\":\"https:\/\/smilecraft.pl\/#website\",\"url\":\"https:\/\/smilecraft.pl\/\",\"name\":\"SmileCraft\",\"description\":\"Klinika stomatologiczna Warszawa Powi\u015ble\",\"publisher\":{\"@id\":\"https:\/\/smilecraft.pl\/#organization\"},\"potentialAction\":[{\"@type\":\"SearchAction\",\"target\":{\"@type\":\"EntryPoint\",\"urlTemplate\":\"https:\/\/smilecraft.pl\/?s={search_term_string}\"},\"query-input\":\"required name=search_term_string\"}],\"inLanguage\":\"en-GB\"},{\"@type\":\"Organization\",\"@id\":\"https:\/\/smilecraft.pl\/#organization\",\"name\":\"SmileCraft\",\"url\":\"https:\/\/smilecraft.pl\/\",\"sameAs\":[\"https:\/\/www.facebook.com\/smilecraftwarszawa\/\"],\"logo\":{\"@type\":\"ImageObject\",\"inLanguage\":\"en-GB\",\"@id\":\"https:\/\/smilecraft.pl\/#\/schema\/logo\/image\/\",\"url\":\"https:\/\/smilecraft.pl\/wp-content\/uploads\/2016\/06\/logo.png\",\"contentUrl\":\"https:\/\/smilecraft.pl\/wp-content\/uploads\/2016\/06\/logo.png\",\"width\":140,\"height\":133,\"caption\":\"SmileCraft\"},\"image\":{\"@id\":\"https:\/\/smilecraft.pl\/#\/schema\/logo\/image\/\"}}]}<\/script>\n<!-- \/ Yoast SEO plugin. -->","yoast_head_json":{"title":"TREATMENT - SmileCraft Warszawa","robots":{"index":"index","follow":"follow","max-snippet":"max-snippet:-1","max-image-preview":"max-image-preview:large","max-video-preview":"max-video-preview:-1"},"canonical":"https:\/\/smilecraft.pl\/en\/medycyna_estetyczna\/peelingi-medyczne\/","og_locale":"en_GB","og_type":"article","og_title":"TREATMENT - SmileCraft Warszawa","og_url":"https:\/\/smilecraft.pl\/en\/medycyna_estetyczna\/peelingi-medyczne\/","og_site_name":"SmileCraft","article_publisher":"https:\/\/www.facebook.com\/smilecraftwarszawa\/","article_modified_time":"2019-11-09T00:23:19+00:00","og_image":[{"url":"http:\/\/smilecraft.pl\/wp-content\/uploads\/2019\/11\/peeeling-300x300.jpg"}],"twitter_card":"summary_large_image","schema":{"@context":"https:\/\/schema.org","@graph":[{"@type":"WebPage","@id":"https:\/\/smilecraft.pl\/en\/medycyna_estetyczna\/peelingi-medyczne\/","url":"https:\/\/smilecraft.pl\/en\/medycyna_estetyczna\/peelingi-medyczne\/","name":"TREATMENT - SmileCraft Warszawa","isPartOf":{"@id":"https:\/\/smilecraft.pl\/#website"},"datePublished":"2019-11-07T15:08:55+00:00","dateModified":"2019-11-09T00:23:19+00:00","breadcrumb":{"@id":"https:\/\/smilecraft.pl\/en\/medycyna_estetyczna\/peelingi-medyczne\/#breadcrumb"},"inLanguage":"en-GB","potentialAction":[{"@type":"ReadAction","target":["https:\/\/smilecraft.pl\/en\/medycyna_estetyczna\/peelingi-medyczne\/"]}]},{"@type":"BreadcrumbList","@id":"https:\/\/smilecraft.pl\/en\/medycyna_estetyczna\/peelingi-medyczne\/#breadcrumb","itemListElement":[{"@type":"ListItem","position":1,"name":"Strona g\u0142\u00f3wna","item":"https:\/\/smilecraft.pl\/"},{"@type":"ListItem","position":2,"name":"TREATMENT","item":"https:\/\/smilecraft.pl\/en\/medycyna_estetyczna\/"},{"@type":"ListItem","position":3,"name":"TREATMENT"}]},{"@type":"WebSite","@id":"https:\/\/smilecraft.pl\/#website","url":"https:\/\/smilecraft.pl\/","name":"SmileCraft","description":"Klinika stomatologiczna Warszawa Powi\u015ble","publisher":{"@id":"https:\/\/smilecraft.pl\/#organization"},"potentialAction":[{"@type":"SearchAction","target":{"@type":"EntryPoint","urlTemplate":"https:\/\/smilecraft.pl\/?s={search_term_string}"},"query-input":"required name=search_term_string"}],"inLanguage":"en-GB"},{"@type":"Organization","@id":"https:\/\/smilecraft.pl\/#organization","name":"SmileCraft","url":"https:\/\/smilecraft.pl\/","sameAs":["https:\/\/www.facebook.com\/smilecraftwarszawa\/"],"logo":{"@type":"ImageObject","inLanguage":"en-GB","@id":"https:\/\/smilecraft.pl\/#\/schema\/logo\/image\/","url":"https:\/\/smilecraft.pl\/wp-content\/uploads\/2016\/06\/logo.png","contentUrl":"https:\/\/smilecraft.pl\/wp-content\/uploads\/2016\/06\/logo.png","width":140,"height":133,"caption":"SmileCraft"},"image":{"@id":"https:\/\/smilecraft.pl\/#\/schema\/logo\/image\/"}}]}},"_links":{"self":[{"href":"https:\/\/smilecraft.pl\/en\/wp-json\/wp\/v2\/pages\/2569"}],"collection":[{"href":"https:\/\/smilecraft.pl\/en\/wp-json\/wp\/v2\/pages"}],"about":[{"href":"https:\/\/smilecraft.pl\/en\/wp-json\/wp\/v2\/types\/page"}],"author":[{"embeddable":true,"href":"https:\/\/smilecraft.pl\/en\/wp-json\/wp\/v2\/users\/5"}],"replies":[{"embeddable":true,"href":"https:\/\/smilecraft.pl\/en\/wp-json\/wp\/v2\/comments?post=2569"}],"version-history":[{"count":5,"href":"https:\/\/smilecraft.pl\/en\/wp-json\/wp\/v2\/pages\/2569\/revisions"}],"predecessor-version":[{"id":2682,"href":"https:\/\/smilecraft.pl\/en\/wp-json\/wp\/v2\/pages\/2569\/revisions\/2682"}],"up":[{"embeddable":true,"href":"https:\/\/smilecraft.pl\/en\/wp-json\/wp\/v2\/pages\/2490"}],"wp:attachment":[{"href":"https:\/\/smilecraft.pl\/en\/wp-json\/wp\/v2\/media?parent=2569"}],"curies":[{"name":"wp","href":"https:\/\/api.w.org\/{rel}","templated":true}]}}