{"id":3250,"date":"2026-02-01T21:51:57","date_gmt":"2026-02-01T20:51:57","guid":{"rendered":"https:\/\/smilecraft.pl\/?page_id=3250"},"modified":"2026-02-01T21:54:05","modified_gmt":"2026-02-01T20:54:05","slug":"obowiazek-informacyjny-prawo-atomowe","status":"publish","type":"page","link":"https:\/\/smilecraft.pl\/en\/obowiazek-informacyjny-prawo-atomowe\/","title":{"rendered":"Obowi\u0105zek informacyjny Prawo Atomowe"},"content":{"rendered":"<p>Dzia\u0142aj\u0105c zgodnie z wymaganiami ustawy z dnia 29 listopada 2000 r. \u2013 Prawo atomowe (t.j. Dz. U. z 2024 r., poz. 1277 ze zm.), w szczeg\u00f3lno\u015bci art. 32c ust. 2, Smile Craft informuje, \u017ce:<\/p>\n<ol>\n<li>Dzia\u0142alno\u015b\u0107 zwi\u0105zana z nara\u017ceniem na promieniowanie jonizuj\u0105ce, polegaj\u0105ca na uruchamianiu i stosowaniu aparat\u00f3w rentgenowskich w diagnostyce stomatologicznej, jest wykonywana zgodnie z przepisami ochrony radiologicznej.<\/li>\n<li>W ci\u0105gu ostatnich 12 miesi\u0119cy nie odnotowano \u017cadnych zdarze\u0144 radiacyjnych ani sytuacji awaryjnych.<\/li>\n<li>Prowadzona dzia\u0142alno\u015b\u0107 nie mia\u0142a negatywnego wp\u0142ywu na zdrowie ludzi i \u015brodowisko, a poziom nara\u017cenia os\u00f3b z og\u00f3\u0142u ludno\u015bci nie przekroczy\u0142 dopuszczalnych dawek granicznych.<\/li>\n<li>Pomiary dozymetryczne wykonywane s\u0105 zgodnie z wymogami prawa.<\/li>\n<\/ol>\n<p><em>Data aktualizacji: 01.02.2026 r.<\/em><\/p>\n","protected":false},"excerpt":{"rendered":"<p>Dzia\u0142aj\u0105c zgodnie z wymaganiami ustawy z dnia 29 listopada 2000 r. \u2013 Prawo atomowe (t.j. Dz. U. z 2024 r., poz. 1277 ze zm.), w szczeg\u00f3lno\u015bci art. 32c ust. 2, Smile Craft informuje, \u017ce: Dzia\u0142alno\u015b\u0107 zwi\u0105zana z nara\u017ceniem na promieniowanie jonizuj\u0105ce, polegaj\u0105ca na uruchamianiu i stosowaniu aparat\u00f3w rentgenowskich w diagnostyce stomatologicznej, jest wykonywana zgodnie z&#8230;<\/p>\n","protected":false},"author":6,"featured_media":0,"parent":0,"menu_order":0,"comment_status":"closed","ping_status":"closed","template":"","meta":[],"translation":{"provider":"WPGlobus","version":"2.10.4","language":"en","enabled_languages":["pl","en"],"languages":{"pl":{"title":true,"content":true,"excerpt":false},"en":{"title":false,"content":false,"excerpt":false}}},"yoast_head":"<!-- This site is optimized with the Yoast SEO plugin v19.6.1 - https:\/\/yoast.com\/wordpress\/plugins\/seo\/ -->\n<title>Obowi\u0105zek informacyjny Prawo Atomowe - SmileCraft Warszawa<\/title>\n<meta name=\"robots\" content=\"index, follow, max-snippet:-1, max-image-preview:large, max-video-preview:-1\" \/>\n<link rel=\"canonical\" href=\"https:\/\/smilecraft.pl\/obowiazek-informacyjny-prawo-atomowe\/\" \/>\n<meta property=\"og:locale\" content=\"en_GB\" \/>\n<meta property=\"og:type\" content=\"article\" \/>\n<meta property=\"og:title\" content=\"Obowi\u0105zek informacyjny Prawo Atomowe - SmileCraft Warszawa\" \/>\n<meta property=\"og:url\" content=\"https:\/\/smilecraft.pl\/obowiazek-informacyjny-prawo-atomowe\/\" \/>\n<meta property=\"og:site_name\" content=\"SmileCraft\" \/>\n<meta property=\"article:publisher\" content=\"https:\/\/www.facebook.com\/smilecraftwarszawa\/\" \/>\n<meta property=\"article:modified_time\" content=\"2026-02-01T20:54:05+00:00\" \/>\n<meta name=\"twitter:card\" content=\"summary_large_image\" \/>\n<meta name=\"twitter:label1\" content=\"Estimated reading time\" \/>\n\t<meta name=\"twitter:data1\" content=\"1 minute\" \/>\n<script type=\"application\/ld+json\" class=\"yoast-schema-graph\">{\"@context\":\"https:\/\/schema.org\",\"@graph\":[{\"@type\":\"WebPage\",\"@id\":\"https:\/\/smilecraft.pl\/obowiazek-informacyjny-prawo-atomowe\/\",\"url\":\"https:\/\/smilecraft.pl\/obowiazek-informacyjny-prawo-atomowe\/\",\"name\":\"Obowi\u0105zek informacyjny Prawo Atomowe - SmileCraft Warszawa\",\"isPartOf\":{\"@id\":\"https:\/\/smilecraft.pl\/#website\"},\"datePublished\":\"2026-02-01T20:51:57+00:00\",\"dateModified\":\"2026-02-01T20:54:05+00:00\",\"breadcrumb\":{\"@id\":\"https:\/\/smilecraft.pl\/obowiazek-informacyjny-prawo-atomowe\/#breadcrumb\"},\"inLanguage\":\"en-GB\",\"potentialAction\":[{\"@type\":\"ReadAction\",\"target\":[\"https:\/\/smilecraft.pl\/obowiazek-informacyjny-prawo-atomowe\/\"]}]},{\"@type\":\"BreadcrumbList\",\"@id\":\"https:\/\/smilecraft.pl\/obowiazek-informacyjny-prawo-atomowe\/#breadcrumb\",\"itemListElement\":[{\"@type\":\"ListItem\",\"position\":1,\"name\":\"Strona g\u0142\u00f3wna\",\"item\":\"https:\/\/smilecraft.pl\/\"},{\"@type\":\"ListItem\",\"position\":2,\"name\":\"Obowi\u0105zek informacyjny Prawo Atomowe\"}]},{\"@type\":\"WebSite\",\"@id\":\"https:\/\/smilecraft.pl\/#website\",\"url\":\"https:\/\/smilecraft.pl\/\",\"name\":\"SmileCraft\",\"description\":\"Klinika stomatologiczna Warszawa Powi\u015ble\",\"publisher\":{\"@id\":\"https:\/\/smilecraft.pl\/#organization\"},\"potentialAction\":[{\"@type\":\"SearchAction\",\"target\":{\"@type\":\"EntryPoint\",\"urlTemplate\":\"https:\/\/smilecraft.pl\/?s={search_term_string}\"},\"query-input\":\"required name=search_term_string\"}],\"inLanguage\":\"en-GB\"},{\"@type\":\"Organization\",\"@id\":\"https:\/\/smilecraft.pl\/#organization\",\"name\":\"SmileCraft\",\"url\":\"https:\/\/smilecraft.pl\/\",\"sameAs\":[\"https:\/\/www.facebook.com\/smilecraftwarszawa\/\"],\"logo\":{\"@type\":\"ImageObject\",\"inLanguage\":\"en-GB\",\"@id\":\"https:\/\/smilecraft.pl\/#\/schema\/logo\/image\/\",\"url\":\"https:\/\/smilecraft.pl\/wp-content\/uploads\/2016\/06\/logo.png\",\"contentUrl\":\"https:\/\/smilecraft.pl\/wp-content\/uploads\/2016\/06\/logo.png\",\"width\":140,\"height\":133,\"caption\":\"SmileCraft\"},\"image\":{\"@id\":\"https:\/\/smilecraft.pl\/#\/schema\/logo\/image\/\"}}]}<\/script>\n<!-- \/ Yoast SEO plugin. -->","yoast_head_json":{"title":"Obowi\u0105zek informacyjny Prawo Atomowe - SmileCraft Warszawa","robots":{"index":"index","follow":"follow","max-snippet":"max-snippet:-1","max-image-preview":"max-image-preview:large","max-video-preview":"max-video-preview:-1"},"canonical":"https:\/\/smilecraft.pl\/obowiazek-informacyjny-prawo-atomowe\/","og_locale":"en_GB","og_type":"article","og_title":"Obowi\u0105zek informacyjny Prawo Atomowe - SmileCraft Warszawa","og_url":"https:\/\/smilecraft.pl\/obowiazek-informacyjny-prawo-atomowe\/","og_site_name":"SmileCraft","article_publisher":"https:\/\/www.facebook.com\/smilecraftwarszawa\/","article_modified_time":"2026-02-01T20:54:05+00:00","twitter_card":"summary_large_image","twitter_misc":{"Estimated reading time":"1 minute"},"schema":{"@context":"https:\/\/schema.org","@graph":[{"@type":"WebPage","@id":"https:\/\/smilecraft.pl\/obowiazek-informacyjny-prawo-atomowe\/","url":"https:\/\/smilecraft.pl\/obowiazek-informacyjny-prawo-atomowe\/","name":"Obowi\u0105zek informacyjny Prawo Atomowe - SmileCraft Warszawa","isPartOf":{"@id":"https:\/\/smilecraft.pl\/#website"},"datePublished":"2026-02-01T20:51:57+00:00","dateModified":"2026-02-01T20:54:05+00:00","breadcrumb":{"@id":"https:\/\/smilecraft.pl\/obowiazek-informacyjny-prawo-atomowe\/#breadcrumb"},"inLanguage":"en-GB","potentialAction":[{"@type":"ReadAction","target":["https:\/\/smilecraft.pl\/obowiazek-informacyjny-prawo-atomowe\/"]}]},{"@type":"BreadcrumbList","@id":"https:\/\/smilecraft.pl\/obowiazek-informacyjny-prawo-atomowe\/#breadcrumb","itemListElement":[{"@type":"ListItem","position":1,"name":"Strona g\u0142\u00f3wna","item":"https:\/\/smilecraft.pl\/"},{"@type":"ListItem","position":2,"name":"Obowi\u0105zek informacyjny Prawo Atomowe"}]},{"@type":"WebSite","@id":"https:\/\/smilecraft.pl\/#website","url":"https:\/\/smilecraft.pl\/","name":"SmileCraft","description":"Klinika stomatologiczna Warszawa Powi\u015ble","publisher":{"@id":"https:\/\/smilecraft.pl\/#organization"},"potentialAction":[{"@type":"SearchAction","target":{"@type":"EntryPoint","urlTemplate":"https:\/\/smilecraft.pl\/?s={search_term_string}"},"query-input":"required name=search_term_string"}],"inLanguage":"en-GB"},{"@type":"Organization","@id":"https:\/\/smilecraft.pl\/#organization","name":"SmileCraft","url":"https:\/\/smilecraft.pl\/","sameAs":["https:\/\/www.facebook.com\/smilecraftwarszawa\/"],"logo":{"@type":"ImageObject","inLanguage":"en-GB","@id":"https:\/\/smilecraft.pl\/#\/schema\/logo\/image\/","url":"https:\/\/smilecraft.pl\/wp-content\/uploads\/2016\/06\/logo.png","contentUrl":"https:\/\/smilecraft.pl\/wp-content\/uploads\/2016\/06\/logo.png","width":140,"height":133,"caption":"SmileCraft"},"image":{"@id":"https:\/\/smilecraft.pl\/#\/schema\/logo\/image\/"}}]}},"_links":{"self":[{"href":"https:\/\/smilecraft.pl\/en\/wp-json\/wp\/v2\/pages\/3250"}],"collection":[{"href":"https:\/\/smilecraft.pl\/en\/wp-json\/wp\/v2\/pages"}],"about":[{"href":"https:\/\/smilecraft.pl\/en\/wp-json\/wp\/v2\/types\/page"}],"author":[{"embeddable":true,"href":"https:\/\/smilecraft.pl\/en\/wp-json\/wp\/v2\/users\/6"}],"replies":[{"embeddable":true,"href":"https:\/\/smilecraft.pl\/en\/wp-json\/wp\/v2\/comments?post=3250"}],"version-history":[{"count":4,"href":"https:\/\/smilecraft.pl\/en\/wp-json\/wp\/v2\/pages\/3250\/revisions"}],"predecessor-version":[{"id":3256,"href":"https:\/\/smilecraft.pl\/en\/wp-json\/wp\/v2\/pages\/3250\/revisions\/3256"}],"wp:attachment":[{"href":"https:\/\/smilecraft.pl\/en\/wp-json\/wp\/v2\/media?parent=3250"}],"curies":[{"name":"wp","href":"https:\/\/api.w.org\/{rel}","templated":true}]}}